{"id":127976,"date":"2024-02-24T18:49:05","date_gmt":"2024-02-24T16:49:05","guid":{"rendered":"https:\/\/www.zelfkennis.nu\/over-vrede\/"},"modified":"2025-11-06T19:50:19","modified_gmt":"2025-11-06T17:50:19","slug":"about-peace","status":"publish","type":"page","link":"https:\/\/www.zelfkennis.nu\/en\/about-peace\/","title":{"rendered":"About peace"},"content":{"rendered":"<p>[et_pb_section fb_built=&#8221;1&#8243; custom_padding_last_edited=&#8221;on|desktop&#8221; admin_label=&#8221;section&#8221; _builder_version=&#8221;4.16&#8243; background_color=&#8221;rgba(255,255,255,0)&#8221; custom_padding_tablet=&#8221;50px|0|50px|0&#8243; custom_padding_phone=&#8221;&#8221; da_disable_devices=&#8221;off|off|off&#8221; transparent_background=&#8221;on&#8221; padding_mobile=&#8221;off&#8221; make_fullwidth=&#8221;off&#8221; use_custom_width=&#8221;off&#8221; width_unit=&#8221;on&#8221; locked=&#8221;off&#8221; global_colors_info=&#8221;{}&#8221; da_is_popup=&#8221;off&#8221; da_exit_intent=&#8221;off&#8221; da_has_close=&#8221;on&#8221; da_alt_close=&#8221;off&#8221; da_dark_close=&#8221;off&#8221; da_not_modal=&#8221;on&#8221; da_is_singular=&#8221;off&#8221; da_with_loader=&#8221;off&#8221; da_has_shadow=&#8221;on&#8221;][et_pb_row padding_mobile=&#8221;off&#8221; column_padding_mobile=&#8221;on&#8221; _builder_version=&#8221;4.16&#8243; background_size=&#8221;initial&#8221; background_position=&#8221;top_left&#8221; background_repeat=&#8221;repeat&#8221; max_width=&#8221;780px&#8221; custom_padding=&#8221;||0px|&#8221; make_fullwidth=&#8221;off&#8221; use_custom_width=&#8221;on&#8221; width_unit=&#8221;on&#8221; custom_width_px=&#8221;780px&#8221; global_colors_info=&#8221;{}&#8221;][et_pb_column type=&#8221;4_4&#8243; _builder_version=&#8221;4.16&#8243; custom_padding=&#8221;|||&#8221; global_colors_info=&#8221;{}&#8221; custom_padding__hover=&#8221;|||&#8221;][et_pb_post_title meta=&#8221;off&#8221; featured_image=&#8221;off&#8221; _builder_version=&#8221;4.16&#8243; title_all_caps=&#8221;off&#8221; background_color=&#8221;rgba(255,255,255,0)&#8221; parallax=&#8221;on&#8221; parallax_method=&#8221;off&#8221; parallax_effect=&#8221;on&#8221; module_bg_color=&#8221;rgba(255,255,255,0)&#8221; use_border_color=&#8221;off&#8221; border_color=&#8221;#ffffff&#8221; border_style=&#8221;solid&#8221; global_colors_info=&#8221;{}&#8221;][\/et_pb_post_title][\/et_pb_column][\/et_pb_row][et_pb_row use_custom_gutter=&#8221;on&#8221; gutter_width=&#8221;1&#8243; padding_mobile=&#8221;off&#8221; make_equal=&#8221;on&#8221; column_padding_mobile=&#8221;on&#8221; admin_label=&#8221;row&#8221; _builder_version=&#8221;4.16&#8243; background_size=&#8221;initial&#8221; background_position=&#8221;top_left&#8221; background_repeat=&#8221;repeat&#8221; max_width=&#8221;780px&#8221; make_fullwidth=&#8221;off&#8221; use_custom_width=&#8221;on&#8221; width_unit=&#8221;on&#8221; custom_width_px=&#8221;780px&#8221; global_colors_info=&#8221;{}&#8221;][et_pb_column type=&#8221;4_4&#8243; _builder_version=&#8221;4.16&#8243; background_color=&#8221;#fff2d7&#8243; custom_padding=&#8221;|||&#8221; custom_css_main_element=&#8221;border: 8px solid #dcb385;&#8221; global_colors_info=&#8221;{}&#8221; custom_padding__hover=&#8221;|||&#8221;][et_pb_text admin_label=&#8221;witegel&#8221; _builder_version=&#8221;4.16&#8243; background_size=&#8221;initial&#8221; background_position=&#8221;top_left&#8221; background_repeat=&#8221;repeat&#8221; custom_padding=&#8221;3%|3%|3%|3%&#8221; use_border_color=&#8221;off&#8221; border_color=&#8221;#000000&#8243; border_style=&#8221;solid&#8221; locked=&#8221;off&#8221; global_colors_info=&#8221;{}&#8221;][\/et_pb_text][et_pb_text admin_label=&#8221;Tekst met kader&#8221; _builder_version=&#8221;4.27.4&#8243; background_color=&#8221;#faeede&#8221; background_size=&#8221;initial&#8221; background_position=&#8221;top_left&#8221; background_repeat=&#8221;repeat&#8221; custom_margin=&#8221;|20px||20px&#8221; custom_padding=&#8221;3%|3%|3%|3%&#8221; z_index_tablet=&#8221;500&#8243; border_width_all=&#8221;3px&#8221; border_color_all=&#8221;#dcb385&#8243; use_border_color=&#8221;on&#8221; saved_tabs=&#8221;advanced,css&#8221; locked=&#8221;off&#8221; global_colors_info=&#8221;{}&#8221;]<\/p>\n<h5 style=\"text-align: center;\"><img loading=\"lazy\" decoding=\"async\" class=\"size-full wp-image-464 aligncenter\" src=\"https:\/\/www.zelfkennis.nu\/wp-content\/uploads\/2017\/04\/verginaster-nieuw-200.svg\" alt=\"\" width=\"40\" height=\"46\" \/><br \/><strong><span style=\"color: #402000;\">The following text was published as a column in the magazine <em>InZicht<\/em>, theme issue &#8216;Peace&#8217;<\/span><\/strong><span style=\"color: #402000;\"><br \/>(February 2024 &#8211; volume 26-1)<\/span><\/h5>\n<h3 style=\"text-align: center;\">Introduction<\/h3>\n<p style=\"text-align: left;\"><span style=\"color: #4a1f09; font-size: 10pt;\"><em>\u201cTo get free (from your marker), you need technique\u201d<\/em> Johan Cruyff once said. This applies to many aspects of life, including &#8216;staying free in peace.&#8217; To remain inwardly at peace in every situation you encounter, we need technique. Technique is developed through practice. In addition to our peace-loving attitude, we need technique to inwardly \u2018run free\u2019 and stay that way when faced with opposition or aggression. There are situations where the peace-loving mindset we have embraced is not sufficient to maintain inner peace. It then becomes apparent that we lack the experience gained through practice that allows us to \u2018run free.\u2019 We lose our inner peace! If we do not realize this, we continue to react automatically. These reactions are often far from peaceful. If we supposedly &#8216;peacefully grit our teeth&#8217; in those moments, we drift even further away from peace, as it leads to a loss of connection with others. This results in even more problems of unrest. We \u2018lose\u2019 ourselves in situations. It is crucial to become aware of this and to train ourselves in being peaceful, no matter who or what we encounter.<\/span><\/p>\n<p style=\"text-align: center;\"><span style=\"color: #7d2424;\"><strong>The hope of humanity lies in the transformation of the individual<\/strong><\/span><br \/><span style=\"font-size: 10pt; color: #4a1f09;\">Jiddu Krishnamurti<\/span><\/p>\n<p>[\/et_pb_text][et_pb_text admin_label=&#8221;TEKST&#8221; _builder_version=&#8221;4.27.4&#8243; background_size=&#8221;initial&#8221; background_position=&#8221;top_left&#8221; background_repeat=&#8221;repeat&#8221; module_alignment=&#8221;left&#8221; custom_padding=&#8221;3%|3%|3%|3%&#8221; z_index_tablet=&#8221;500&#8243; text_text_shadow_horizontal_length_tablet=&#8221;0px&#8221; text_text_shadow_vertical_length_tablet=&#8221;0px&#8221; text_text_shadow_blur_strength_tablet=&#8221;1px&#8221; link_text_shadow_horizontal_length_tablet=&#8221;0px&#8221; link_text_shadow_vertical_length_tablet=&#8221;0px&#8221; link_text_shadow_blur_strength_tablet=&#8221;1px&#8221; ul_text_shadow_horizontal_length_tablet=&#8221;0px&#8221; ul_text_shadow_vertical_length_tablet=&#8221;0px&#8221; ul_text_shadow_blur_strength_tablet=&#8221;1px&#8221; ol_text_shadow_horizontal_length_tablet=&#8221;0px&#8221; ol_text_shadow_vertical_length_tablet=&#8221;0px&#8221; ol_text_shadow_blur_strength_tablet=&#8221;1px&#8221; quote_text_shadow_horizontal_length_tablet=&#8221;0px&#8221; quote_text_shadow_vertical_length_tablet=&#8221;0px&#8221; quote_text_shadow_blur_strength_tablet=&#8221;1px&#8221; header_text_shadow_horizontal_length_tablet=&#8221;0px&#8221; header_text_shadow_vertical_length_tablet=&#8221;0px&#8221; header_text_shadow_blur_strength_tablet=&#8221;1px&#8221; header_2_text_shadow_horizontal_length_tablet=&#8221;0px&#8221; header_2_text_shadow_vertical_length_tablet=&#8221;0px&#8221; header_2_text_shadow_blur_strength_tablet=&#8221;1px&#8221; header_3_text_shadow_horizontal_length_tablet=&#8221;0px&#8221; header_3_text_shadow_vertical_length_tablet=&#8221;0px&#8221; header_3_text_shadow_blur_strength_tablet=&#8221;1px&#8221; header_4_text_shadow_horizontal_length_tablet=&#8221;0px&#8221; header_4_text_shadow_vertical_length_tablet=&#8221;0px&#8221; header_4_text_shadow_blur_strength_tablet=&#8221;1px&#8221; header_5_text_shadow_horizontal_length_tablet=&#8221;0px&#8221; header_5_text_shadow_vertical_length_tablet=&#8221;0px&#8221; header_5_text_shadow_blur_strength_tablet=&#8221;1px&#8221; header_6_text_shadow_horizontal_length_tablet=&#8221;0px&#8221; header_6_text_shadow_vertical_length_tablet=&#8221;0px&#8221; header_6_text_shadow_blur_strength_tablet=&#8221;1px&#8221; box_shadow_horizontal_tablet=&#8221;0px&#8221; box_shadow_vertical_tablet=&#8221;0px&#8221; box_shadow_blur_tablet=&#8221;40px&#8221; box_shadow_spread_tablet=&#8221;0px&#8221; use_border_color=&#8221;off&#8221; global_colors_info=&#8221;{}&#8221;]<\/p>\n<h2><em><img loading=\"lazy\" decoding=\"async\" class=\"wp-image-132295  alignleft\" src=\"https:\/\/www.zelfkennis.nu\/wp-content\/uploads\/2025\/06\/pinksteren-duif-1-300x237.jpg\" alt=\"\" width=\"294\" height=\"232\" \/><\/em>Shanti, shanti, shantih<\/h2>\n<p>In Sanskrit, words often carry extensive and layered meanings. <em>Shanti<\/em> is Sanskrit for <em>Peace<\/em>. In both Hinduism and Buddhism, recitations and practices are often concluded with the primal mantra <em>Om<\/em>, followed by thrice <em>shanti<\/em>, the last of which is aspirated at the end.<br \/>This is officially transcribed as <em>\u014cm, \u015b\u0101nti, \u015b\u0101nti, \u015b\u0101nti\u1e25.<\/em> This triad affirms peace of body, mind, and soul and supports us in realizing a more sustainable inner peace, especially when expressed in devotion. Every spiritual tradition focuses on this, for in true peace, there is no duality. The more people realize inner peace, the sooner societal peace can emerge. Our inner path to peace thus paves the way for peace externally.<\/p>\n<p><em>Shanti<\/em> (\u0936\u093e\u0928\u094d\u0924\u093f) therefore means more than just the <em>peace<\/em> we know and more than the absence of conflict. <em>Shanti<\/em> is derived from the root <em>\u2018sham\u2019<\/em> (\u0936\u092e\u094d), the core from which multiple words emerge about tranquility, harmony, and peace. <em>Sham<\/em> has many meanings, somewhat akin to the English <em>\u2018release\u2019<\/em>. <em>Sham<\/em>, supplemented with the suffix <em>\u2018ti\u2019<\/em>, forms the feminine word <em>shanti<\/em>, with many layers. A <em>visarga<\/em> may also be added, aspirating the pronunciation at the end. This means that after the vowel &#8216;i&#8217;, you end with a short exhaling \u2018h\u2019. This can be symbolically interpreted as exhaling tension, creating space for peace and serenity. In transcription, this is written as \u2018\u1e25\u2019 and in Sanskrit with a colon (\u0936\u093e\u0928\u094d\u0924\u093f:). Transcription indicates with a hyphen above the vowel if its pronunciation should be slightly longer, as seen here with <em>\u014cm<\/em> and <em>\u015b\u0101nti<\/em>, and the emphasis on the \u2018s\u2019 makes it \u2018sh\u2019.<\/p>\n<p><em>Shanti<\/em> affirms positive tranquility and peace on all levels of existence:<\/p>\n<ul class=\"zelfkennisbullet\">\n<li>On a physical level, <em>shanti<\/em> includes health, well-being, and harmony with the material world \u2014 and thus with our own body. Nothing is physically harmed. <br \/><span style=\"color: #7d3434;\">Affirmation: <em>\u201cI am not my body; it is the vehicle of my soul in this life.\u201d<\/em><\/span><\/li>\n<li>On the emotional-mental level, it involves an inner calming through which our mind becomes still and stress dissolves. No mental harm is inflicted on ourselves or others. <br \/><span style=\"color: #7d3434;\">Affirmation: <em>\u201cI am not my thoughts and feelings; they are my tools for gaining insight and self-realization.\u201d<\/em><\/span><\/li>\n<li>Socially, <em>shanti<\/em> implies peace in relationships \u2014 the ability to live together peacefully, communicate nonviolently, with understanding and compassion, even when things get difficult. <br \/><span style=\"color: #7d3434;\">Affirmation: <em>\u201cI am not separate; I am connected with everyone.\u201d<\/em><\/span><\/li>\n<li><em>Shanti<\/em> naturally implies political peace \u2014 locally, regionally, nationally, and internationally \u2014 in which every act of war is excluded. <br \/><span style=\"color: #7d3434;\">Affirmation: <em>\u201cI support no form of war propaganda.\u201d<\/em><\/span><\/li>\n<li>Furthermore, <em>shanti<\/em> implies unity with nature, in peaceful respect for every element within it, because we are inseparably part of it. <br \/><span style=\"color: #7d3434;\">Affirmation: <em>\u201cI am part of nature; I honor her \u2014 she is the cradle of my existence.\u201d<\/em><\/span><\/li>\n<li>On a spiritual level, it transcends us as individuals and leads to an experience of connectedness with \u2018the world as it is,\u2019 even when it feels difficult. <br \/><span style=\"color: #7d3434;\">Affirmation: <em>\u201cI know I cannot be what I can perceive, for I am That which perceives.\u201d<\/em><\/span><\/li>\n<li>Finally, <em>shanti<\/em> stands for divine peace: a peace arising from self-realization and union <em>through<\/em>, <em>with<\/em>, and <em>in<\/em> the Divine. It means transcending all duality and experiencing the deepest unity of existence \u2014 perceiving oneness behind every diversity and constancy within every change. <br \/><span style=\"color: #7d3434;\">Affirmation: <em>\u201cI am the Self that manifests all that is physical (material), subtle (mental), and causal (originating) \u2014 both the beautiful and the ugly.\u201d<\/em><\/span><\/li>\n<\/ul>\n<p><a class=\"et_pb_lightbox_image \" href=\"https:\/\/www.zelfkennis.nu\/wp-content\/uploads\/2024\/02\/Naar-Vrede-ZKnu.jpg\"><img loading=\"lazy\" decoding=\"async\" class=\"alignright wp-image-127958\" title=\"Painting by Toos Koedam\" src=\"https:\/\/www.zelfkennis.nu\/wp-content\/uploads\/2024\/02\/Naar-Vrede-ZKnu-300x209.jpg\" alt=\"From war to peace\" width=\"377\" height=\"263\" \/><\/a>In summary, repeatedly reciting the mantra <em>\u2018Om, shanti, shanti, shantih\u2019<\/em> reaffirms our intense desire for peace on all these levels, from the earthly-physical to the highest spiritual. However, it is not enough to stop here. In addition to the intense desire to be \u2018at peace\u2019, it is important to lovingly leave behind everything within ourselves that obstructs peace. Unfortunately, we have been taught to identify with many things and thought mechanisms that block natural peace, often without our awareness. In fact, we have even been untaught to remain silent and awake-conscious from our original pure child-being. Assumptions, tendencies, and conditioning acquired through wrong examples or painful experiences (which cause us to experience opposition) can be transcended through practice, through conscious effort in relaxation, in dedicated surrender. Practices exist for the head, heart, and body that connect these aspects, which can be practiced daily and concluded with <em>Om, shanti, shanti, shantih<\/em>. There is still much inner work to be done, for when we see what people in unconsciousness and in discord do to each other in this world&#8230;<\/p>\n<p>In Indian music, the bass <em>tabla<\/em> (the <em>bayan<\/em>) can depict this <em>Shanti<\/em> triad by striking a bass note thrice at the end of a piece. The magnificent tabla player from the orchestra that accompanied Amma (<em>Mata Amritananda Mayi<\/em>) during her tours consistently concluded each <em>bhajan<\/em> in this manner. In Indian classical music, several rhythmic patterns have spiritual significance. The three <em>bayan<\/em> strikes thus symbolize harmony, peace, and silence (both for performer and listener), much like the words <em>shanti, shanti, shantih<\/em> do at the end of actions and recitations. They affirm the holy trinity in everything.<\/p>\n<p style=\"text-align: center;\"><em>\u014cm, \u015b\u0101nti, \u015b\u0101nti, \u015b\u0101nti\u1e25<\/em><\/p>\n<\/p>\n<p><a class=\"et_pb_lightbox_image \" href=\"https:\/\/www.zelfkennis.nu\/wp-content\/uploads\/2024\/02\/shantih-kl.jpg\"><img loading=\"lazy\" decoding=\"async\" class=\"alignnone wp-image-127951 size-full\" title=\"Painting by Michiel Koperdraat\" src=\"https:\/\/www.zelfkennis.nu\/wp-content\/uploads\/2024\/02\/shantih-kl.jpg\" alt=\"Shantih - peace\" width=\"998\" height=\"545\" srcset=\"https:\/\/www.zelfkennis.nu\/wp-content\/uploads\/2024\/02\/shantih-kl.jpg 998w, https:\/\/www.zelfkennis.nu\/wp-content\/uploads\/2024\/02\/shantih-kl-980x535.jpg 980w, https:\/\/www.zelfkennis.nu\/wp-content\/uploads\/2024\/02\/shantih-kl-480x262.jpg 480w\" sizes=\"(min-width: 0px) and (max-width: 480px) 480px, (min-width: 481px) and (max-width: 980px) 980px, (min-width: 981px) 998px, 100vw\" \/><\/a><\/p>\n<p>[\/et_pb_text][et_pb_button button_url=&#8221;https:\/\/www.zelfkennis.nu\/contact&#8221; button_text=&#8221;Vragen en reacties&#8221; button_alignment=&#8221;center&#8221; admin_label=&#8221;contact knop&#8221; _builder_version=&#8221;4.16&#8243; custom_button=&#8221;on&#8221; button_text_color=&#8221;#870101&#8243; button_border_color=&#8221;#dcb385&#8243; button_icon_color=&#8221;#dcb385&#8243; button_letter_spacing_hover=&#8221;0&#8243; global_colors_info=&#8221;{}&#8221; button_text_size__hover_enabled=&#8221;off&#8221; button_text_size__hover=&#8221;null&#8221; button_one_text_size__hover_enabled=&#8221;off&#8221; button_one_text_size__hover=&#8221;null&#8221; button_two_text_size__hover_enabled=&#8221;off&#8221; button_two_text_size__hover=&#8221;null&#8221; button_text_color__hover_enabled=&#8221;off&#8221; button_text_color__hover=&#8221;null&#8221; button_one_text_color__hover_enabled=&#8221;off&#8221; button_one_text_color__hover=&#8221;null&#8221; button_two_text_color__hover_enabled=&#8221;off&#8221; button_two_text_color__hover=&#8221;null&#8221; button_border_width__hover_enabled=&#8221;off&#8221; button_border_width__hover=&#8221;null&#8221; button_one_border_width__hover_enabled=&#8221;off&#8221; button_one_border_width__hover=&#8221;null&#8221; button_two_border_width__hover_enabled=&#8221;off&#8221; button_two_border_width__hover=&#8221;null&#8221; button_border_color__hover_enabled=&#8221;off&#8221; button_border_color__hover=&#8221;null&#8221; button_one_border_color__hover_enabled=&#8221;off&#8221; button_one_border_color__hover=&#8221;null&#8221; button_two_border_color__hover_enabled=&#8221;off&#8221; button_two_border_color__hover=&#8221;null&#8221; button_border_radius__hover_enabled=&#8221;off&#8221; button_border_radius__hover=&#8221;null&#8221; button_one_border_radius__hover_enabled=&#8221;off&#8221; button_one_border_radius__hover=&#8221;null&#8221; button_two_border_radius__hover_enabled=&#8221;off&#8221; button_two_border_radius__hover=&#8221;null&#8221; button_letter_spacing__hover_enabled=&#8221;on&#8221; button_letter_spacing__hover=&#8221;0&#8243; button_one_letter_spacing__hover_enabled=&#8221;off&#8221; button_one_letter_spacing__hover=&#8221;null&#8221; button_two_letter_spacing__hover_enabled=&#8221;off&#8221; button_two_letter_spacing__hover=&#8221;null&#8221; button_bg_color__hover_enabled=&#8221;off&#8221; button_bg_color__hover=&#8221;null&#8221; button_one_bg_color__hover_enabled=&#8221;off&#8221; button_one_bg_color__hover=&#8221;null&#8221; button_two_bg_color__hover_enabled=&#8221;off&#8221; button_two_bg_color__hover=&#8221;null&#8221;][\/et_pb_button][et_pb_text admin_label=&#8221;DE STER MET COPYRIGHT SVG | geen class gebruikt, de 110px staat in de HTML in dit blok. Zodat ook de preview klopt.&#8221; _builder_version=&#8221;4.16&#8243; background_size=&#8221;initial&#8221; background_position=&#8221;top_left&#8221; background_repeat=&#8221;repeat&#8221; module_alignment=&#8221;left&#8221; custom_padding=&#8221;3%|3%|3%|3%&#8221; use_border_color=&#8221;off&#8221; border_color=&#8221;#000000&#8243; border_style=&#8221;solid&#8221; global_colors_info=&#8221;{}&#8221;]<\/p>\n<p>\n<img loading=\"lazy\" decoding=\"async\" class=\"aligncenter wp-image-117416 size-full\" src=\"https:\/\/www.zelfkennis.nu\/wp-content\/uploads\/2017\/04\/verginaster-nieuw-200.svg\" alt=\"\" width=\"110\" height=\"110\" \/><\/p>\n<h6>\u00a9 Michiel Koperdraat<\/h6>\n<p>[\/et_pb_text][et_pb_code admin_label=&#8221;Code&#8221; _builder_version=&#8221;4.24.1&#8243; global_colors_info=&#8221;{}&#8221;]<script type=\"text\/javascript\"><!-- [et_pb_line_break_holder] -->jQuery(document).ready(function( $ ){<!-- [et_pb_line_break_holder] -->\/\/ Get page title<!-- [et_pb_line_break_holder] -->var pageTitle = $(\"title\").text();<!-- [et_pb_line_break_holder] --><!-- [et_pb_line_break_holder] -->\/\/ Change page title on tab switch<!-- [et_pb_line_break_holder] -->$(window).blur(function() {<!-- [et_pb_line_break_holder] -->$(\"title\").text(\"ARE YOU AT PEACE?\");<!-- [et_pb_line_break_holder] -->});<!-- [et_pb_line_break_holder] --><!-- [et_pb_line_break_holder] -->\/\/ Make normal title come back again<!-- [et_pb_line_break_holder] -->$(window).focus(function() {<!-- [et_pb_line_break_holder] -->$(\"title\").text(pageTitle);<!-- [et_pb_line_break_holder] -->});<!-- [et_pb_line_break_holder] -->});<!-- [et_pb_line_break_holder] --><\/script>[\/et_pb_code][et_pb_button button_url=&#8221;https:\/\/www.zelfkennis.nu\/en\/contact\/&#8221; button_text=&#8221;Questions and responses&#8221; button_alignment=&#8221;center&#8221; admin_label=&#8221;contact knop engels&#8221; _builder_version=&#8221;4.25.1&#8243; custom_button=&#8221;on&#8221; button_text_color=&#8221;#870101&#8243; button_border_color=&#8221;#dcb385&#8243; button_icon_color=&#8221;#dcb385&#8243; button_letter_spacing_hover=&#8221;0&#8243; global_module=&#8221;126323&#8243; global_colors_info=&#8221;{}&#8221; button_text_size__hover_enabled=&#8221;off&#8221; button_one_text_size__hover_enabled=&#8221;off&#8221; button_two_text_size__hover_enabled=&#8221;off&#8221; button_text_color__hover_enabled=&#8221;off&#8221; button_one_text_color__hover_enabled=&#8221;off&#8221; button_two_text_color__hover_enabled=&#8221;off&#8221; button_border_width__hover_enabled=&#8221;off&#8221; button_one_border_width__hover_enabled=&#8221;off&#8221; button_two_border_width__hover_enabled=&#8221;off&#8221; button_border_color__hover_enabled=&#8221;off&#8221; button_one_border_color__hover_enabled=&#8221;off&#8221; button_two_border_color__hover_enabled=&#8221;off&#8221; button_border_radius__hover_enabled=&#8221;off&#8221; button_one_border_radius__hover_enabled=&#8221;off&#8221; button_two_border_radius__hover_enabled=&#8221;off&#8221; button_letter_spacing__hover_enabled=&#8221;on&#8221; button_letter_spacing__hover=&#8221;0&#8243; button_one_letter_spacing__hover_enabled=&#8221;off&#8221; button_two_letter_spacing__hover_enabled=&#8221;off&#8221; button_bg_color__hover_enabled=&#8221;off&#8221; button_one_bg_color__hover_enabled=&#8221;off&#8221; button_two_bg_color__hover_enabled=&#8221;off&#8221;][\/et_pb_button][\/et_pb_column][\/et_pb_row][\/et_pb_section]<\/p>\n","protected":false},"excerpt":{"rendered":"<p>Repeating the mantra &#8216;Om, shanti, shanti, shantih&#8217; reaffirms our intense desire for peace on all these levels, from the earthly-physical to the highest spiritual. However, it&#8217;s not enough to stop there. Besides the intense desire to be &#8216;at peace,&#8217; it&#8217;s important to lovingly let go of everything within ourselves that obstructs peace.<\/p>\n","protected":false},"author":2,"featured_media":127952,"parent":0,"menu_order":0,"comment_status":"closed","ping_status":"closed","template":"","meta":{"_et_pb_use_builder":"on","_et_pb_old_content":"","_et_gb_content_width":"","footnotes":""},"class_list":["post-127976","page","type-page","status-publish","has-post-thumbnail","hentry"],"_links":{"self":[{"href":"https:\/\/www.zelfkennis.nu\/en\/wp-json\/wp\/v2\/pages\/127976","targetHints":{"allow":["GET"]}}],"collection":[{"href":"https:\/\/www.zelfkennis.nu\/en\/wp-json\/wp\/v2\/pages"}],"about":[{"href":"https:\/\/www.zelfkennis.nu\/en\/wp-json\/wp\/v2\/types\/page"}],"author":[{"embeddable":true,"href":"https:\/\/www.zelfkennis.nu\/en\/wp-json\/wp\/v2\/users\/2"}],"replies":[{"embeddable":true,"href":"https:\/\/www.zelfkennis.nu\/en\/wp-json\/wp\/v2\/comments?post=127976"}],"version-history":[{"count":0,"href":"https:\/\/www.zelfkennis.nu\/en\/wp-json\/wp\/v2\/pages\/127976\/revisions"}],"wp:featuredmedia":[{"embeddable":true,"href":"https:\/\/www.zelfkennis.nu\/en\/wp-json\/wp\/v2\/media\/127952"}],"wp:attachment":[{"href":"https:\/\/www.zelfkennis.nu\/en\/wp-json\/wp\/v2\/media?parent=127976"}],"curies":[{"name":"wp","href":"https:\/\/api.w.org\/{rel}","templated":true}]}}